{"id":5718,"date":"2020-10-29T12:01:22","date_gmt":"2020-10-29T12:01:22","guid":{"rendered":"https:\/\/latitud36norte.com\/?page_id=5718"},"modified":"2026-03-06T08:53:23","modified_gmt":"2026-03-06T07:53:23","slug":"politica-de-privacidad","status":"publish","type":"page","link":"https:\/\/latitud36norte.com\/en\/politica-de-privacidad","title":{"rendered":"POL\u00cdTICA DE PRIVACIDAD"},"content":{"rendered":"\n<div style=\"height:100px\" aria-hidden=\"true\" class=\"wp-block-spacer\"><\/div>\n\n\n<h1 data-section-id=\"1vdiz1t\" data-start=\"588\" data-end=\"612\"><span style=\"color: #000000;\"><strong>POL\u00cdTICA DE PRIVACIDAD<\/strong><\/span><\/h1>\n<p data-start=\"614\" data-end=\"653\">\u00a0<\/p>\n<p data-start=\"614\" data-end=\"653\"><strong data-start=\"614\" data-end=\"653\">\u00daltima actualizaci\u00f3n: marzo de 2026<\/strong><\/p>\n<h2 data-section-id=\"voa40m\" data-start=\"655\" data-end=\"683\">\u00a0<\/h2>\n<h2 data-section-id=\"voa40m\" data-start=\"655\" data-end=\"683\"><span style=\"color: #000000;\">1. INFORMACI\u00d3N AL USUARIO<\/span><\/h2>\n<p data-start=\"685\" data-end=\"909\">La presente Pol\u00edtica de Privacidad regula el tratamiento de los datos personales que realiza <strong data-start=\"778\" data-end=\"805\">VIRGINIA HUERTA HURTADO<\/strong>, titular del nombre comercial <strong data-start=\"836\" data-end=\"856\">LATITUD 36 NORTE<\/strong>, en su condici\u00f3n de <strong data-start=\"877\" data-end=\"908\">Responsable del Tratamiento<\/strong>.<\/p>\n<p data-start=\"911\" data-end=\"948\">De conformidad con lo establecido en el <span style=\"color: #339966;\"><a style=\"color: #339966;\" href=\"https:\/\/www.boe.es\/doue\/2016\/119\/L00001-00088.pdf\" target=\"_blank\" rel=\"noopener\">Reglamento (UE) 2016\/679 (RGPD<\/a>) <\/span>del Parlamento Europeo y del Consejo de 27 de abril de 2016, relativo a la protecci\u00f3n de las personas f\u00edsicas en lo que respecta al tratamiento de datos personales y a la libre circulaci\u00f3n de estos datos, y adem\u00e1s, en la <span style=\"color: #339966;\"><a style=\"color: #339966;\" href=\"https:\/\/www.boe.es\/buscar\/act.php?id=BOE-A-2018-16673\" target=\"_blank\" rel=\"noopener\">Ley Org\u00e1nica 3\/2018 de Protecci\u00f3n de Datos Personales y Garant\u00eda de los Derechos Digitales<\/a><\/span>, <span style=\"font-size: revert; color: initial; font-family: -apple-system, BlinkMacSystemFont, 'Segoe UI', Roboto, Oxygen-Sans, Ubuntu, Cantarell, 'Helvetica Neue', sans-serif;\">informamos a los usuarios sobre el tratamiento de sus datos personales.<\/span><\/p>\n<p data-start=\"1320\" data-end=\"1362\">En esta Pol\u00edtica de Privacidad se explica:<\/p>\n<ul>\n<li data-start=\"1366\" data-end=\"1401\">Qu\u00e9 datos personales recopilamos.<\/li>\n<li data-start=\"1366\" data-end=\"1401\">Con qu\u00e9 finalidad los tratamos.<\/li>\n<li data-start=\"1366\" data-end=\"1401\">Cu\u00e1l es la base legal para su tratamiento.<\/li>\n<li data-start=\"1366\" data-end=\"1401\">Durante cu\u00e1nto tiempo los conservamos.<\/li>\n<li data-start=\"1366\" data-end=\"1401\">A qui\u00e9n pueden comunicarse.<\/li>\n<li data-start=\"1366\" data-end=\"1401\">Qu\u00e9 derechos le asisten como titular de los datos.<\/li>\n<\/ul>\n<p data-start=\"1614\" data-end=\"1730\">La utilizaci\u00f3n de los servicios ofrecidos por LATITUD 36 NORTE implica la aceptaci\u00f3n de esta Pol\u00edtica de Privacidad.<\/p>\n<h2 data-section-id=\"imoe16\" data-start=\"1737\" data-end=\"1783\">\u00a0<\/h2>\n<h2 data-section-id=\"imoe16\" data-start=\"1737\" data-end=\"1783\"><span style=\"color: #000000;\">2. IDENTIDAD DEL RESPONSABLE DEL TRATAMIENTO<\/span><\/h2>\n<p data-start=\"1785\" data-end=\"1843\"><strong data-start=\"1785\" data-end=\"1817\">Responsable del tratamiento:<\/strong><br data-start=\"1817\" data-end=\"1820\" \/>VIRGINIA HUERTA HURTADO<\/p>\n<p data-start=\"1845\" data-end=\"1885\"><strong data-start=\"1845\" data-end=\"1866\">Nombre comercial:<\/strong><br data-start=\"1866\" data-end=\"1869\" \/>LATITUD 36 NORTE<\/p>\n<p data-start=\"1887\" data-end=\"1911\"><strong data-start=\"1887\" data-end=\"1899\">NIF\/CIF:<\/strong><br data-start=\"1899\" data-end=\"1902\" \/>XX8456XXV<\/p>\n<p data-start=\"1913\" data-end=\"1975\"><strong data-start=\"1913\" data-end=\"1934\">Domicilio social:<\/strong><br data-start=\"1934\" data-end=\"1937\" \/>Calle Olmos 43<br data-start=\"1951\" data-end=\"1954\" \/>29018 M\u00e1laga \u2013 Espa\u00f1a<\/p>\n<p data-start=\"1977\" data-end=\"2042\"><strong data-start=\"1977\" data-end=\"2012\">Correo electr\u00f3nico de contacto:<\/strong><br data-start=\"2012\" data-end=\"2015\" \/><a class=\"decorated-link cursor-pointer\" rel=\"noopener\" data-start=\"2015\" data-end=\"2042\">contacto@latitud36norte.com<\/a><\/p>\n<h2 data-section-id=\"x4cn08\" data-start=\"2049\" data-end=\"2098\">\u00a0<\/h2>\n<h2 data-section-id=\"x4cn08\" data-start=\"2049\" data-end=\"2098\"><span style=\"color: #000000;\">3. PRINCIPIOS APLICADOS AL TRATAMIENTO DE DATOS<\/span><\/h2>\n<p data-start=\"2100\" data-end=\"2236\">El tratamiento de los datos personales se realiza conforme a los principios establecidos en la normativa vigente de protecci\u00f3n de datos:<\/p>\n<p data-start=\"2100\" data-end=\"2236\"><strong>Licitud, lealtad y transparencia\u00a0<\/strong><\/p>\n<p data-start=\"2275\" data-end=\"2358\">Los datos se tratar\u00e1n de manera l\u00edcita, leal y transparente respecto al interesado.<\/p>\n<p data-section-id=\"1pi2ka5\" data-start=\"2360\" data-end=\"2390\"><strong><span style=\"color: #000000;\">Limitaci\u00f3n de la finalidad<\/span><\/strong><\/p>\n<p data-start=\"2391\" data-end=\"2547\">Los datos personales se recoger\u00e1n con fines determinados, expl\u00edcitos y leg\u00edtimos, y no ser\u00e1n tratados ulteriormente de manera incompatible con dichos fines.<\/p>\n<p data-section-id=\"9nrlr5\" data-start=\"2549\" data-end=\"2574\"><strong><span style=\"color: #000000;\">Minimizaci\u00f3n de datos<\/span><\/strong><\/p>\n<p data-start=\"2575\" data-end=\"2667\">Solo se solicitar\u00e1n los datos estrictamente necesarios para las finalidades del tratamiento.<\/p>\n<p data-section-id=\"5g9ie9\" data-start=\"2669\" data-end=\"2682\"><strong><span style=\"color: #000000;\">Exactitud<\/span><\/strong><\/p>\n<p data-start=\"2683\" data-end=\"2736\">Los datos ser\u00e1n exactos y se mantendr\u00e1n actualizados.<\/p>\n<p data-section-id=\"tirzwn\" data-start=\"2738\" data-end=\"2778\"><strong><span style=\"color: #000000;\">Limitaci\u00f3n del plazo de conservaci\u00f3n<\/span><\/strong><\/p>\n<p data-start=\"2779\" data-end=\"2937\">Los datos se conservar\u00e1n \u00fanicamente durante el tiempo necesario para cumplir con la finalidad del tratamiento y con las obligaciones legales correspondientes.<\/p>\n<p data-section-id=\"1btij5l\" data-start=\"2939\" data-end=\"2972\"><strong><span style=\"color: #000000;\">Integridad y confidencialidad<\/span><\/strong><\/p>\n<p data-start=\"2973\" data-end=\"3151\">Se aplicar\u00e1n medidas t\u00e9cnicas y organizativas apropiadas para garantizar la seguridad de los datos personales y evitar su alteraci\u00f3n, p\u00e9rdida, tratamiento o acceso no autorizado.<\/p>\n<p data-section-id=\"tfbo3v\" data-start=\"3153\" data-end=\"3182\"><strong><span style=\"color: #000000;\">Responsabilidad proactiva<\/span><\/strong><\/p>\n<p data-start=\"3183\" data-end=\"3338\">LATITUD 36 NORTE adopta las medidas necesarias para garantizar y demostrar que el tratamiento de los datos personales es conforme a la normativa aplicable.<\/p>\n<h2 data-section-id=\"cbi9wg\" data-start=\"3345\" data-end=\"3382\">\u00a0<\/h2>\n<h2 data-section-id=\"cbi9wg\" data-start=\"3345\" data-end=\"3382\"><span style=\"color: #000000;\">4. DATOS PERSONALES QUE RECOPILAMOS<\/span><\/h2>\n<p data-start=\"3384\" data-end=\"3438\">Los datos personales que pueden ser tratados incluyen:<\/p>\n<p data-section-id=\"9k8cve\" data-start=\"3440\" data-end=\"3465\"><strong><span style=\"color: #000000;\">Datos identificativos<\/span><\/strong><\/p>\n<ul>\n<li data-start=\"3468\" data-end=\"3488\">Nombre y apellidos<\/li>\n<li data-start=\"3468\" data-end=\"3488\">Direcci\u00f3n de correo electr\u00f3nico<\/li>\n<li data-start=\"3468\" data-end=\"3488\">Tel\u00e9fono<\/li>\n<li data-start=\"3468\" data-end=\"3488\">Otros datos proporcionados voluntariamente por el usuario<\/li>\n<\/ul>\n<p data-section-id=\"19xoj9j\" data-start=\"3599\" data-end=\"3622\"><strong><span style=\"color: #000000;\">Datos de navegaci\u00f3n<\/span><\/strong><\/p>\n<p data-start=\"3623\" data-end=\"3811\">Cuando el usuario accede al sitio web, pueden recopilarse datos de forma autom\u00e1tica mediante cookies u otras tecnolog\u00edas similares, de acuerdo con lo establecido en la Pol\u00edtica de Cookies.<\/p>\n<h2 data-section-id=\"jgzv6a\" data-start=\"3818\" data-end=\"3848\">\u00a0<\/h2>\n<h2 data-section-id=\"jgzv6a\" data-start=\"3818\" data-end=\"3848\"><span style=\"color: #000000;\">5. FINALIDAD DEL TRATAMIENTO<\/span><\/h2>\n<p data-start=\"3850\" data-end=\"3914\">Los datos personales se tratar\u00e1n con las siguientes finalidades:<\/p>\n<ul>\n<li data-start=\"3918\" data-end=\"3985\">Gestionar solicitudes de informaci\u00f3n realizadas por los usuarios.<\/li>\n<li data-start=\"3918\" data-end=\"3985\">Prestar los servicios ofrecidos por LATITUD 36 NORTE.<\/li>\n<li data-start=\"3918\" data-end=\"3985\">Gestionar la relaci\u00f3n contractual o comercial con los clientes.<\/li>\n<li data-start=\"3918\" data-end=\"3985\">Enviar comunicaciones informativas o comerciales relacionadas con los servicios ofrecidos, cuando exista consentimiento o inter\u00e9s leg\u00edtimo.<\/li>\n<li data-start=\"3918\" data-end=\"3985\">Cumplir con las obligaciones legales aplicables.<\/li>\n<\/ul>\n<h2 data-section-id=\"sholsz\" data-start=\"4313\" data-end=\"4344\">\u00a0<\/h2>\n<h2 data-section-id=\"sholsz\" data-start=\"4313\" data-end=\"4344\"><span style=\"color: #000000;\">6. BASE LEGAL DEL TRATAMIENTO<\/span><\/h2>\n<p data-start=\"4346\" data-end=\"4437\">El tratamiento de los datos personales se basa en alguna de las siguientes bases jur\u00eddicas:<\/p>\n<ul>\n<li data-start=\"4441\" data-end=\"4529\"><strong data-start=\"4441\" data-end=\"4474\">Consentimiento del interesado<\/strong>, otorgado al proporcionar voluntariamente sus datos.<\/li>\n<li data-start=\"4441\" data-end=\"4529\"><strong data-start=\"4532\" data-end=\"4560\">Ejecuci\u00f3n de un contrato<\/strong> o aplicaci\u00f3n de medidas precontractuales solicitadas por el usuario.<\/li>\n<li data-start=\"4441\" data-end=\"4529\"><strong data-start=\"4634\" data-end=\"4674\">Cumplimiento de obligaciones legales<\/strong> aplicables al responsable del tratamiento.<\/li>\n<li data-start=\"4441\" data-end=\"4529\"><strong data-start=\"4722\" data-end=\"4742\">Inter\u00e9s leg\u00edtimo<\/strong> del responsable del tratamiento, por ejemplo para el env\u00edo de comunicaciones comerciales relacionadas con servicios previamente contratados.<\/li>\n<\/ul>\n<p data-start=\"4885\" data-end=\"4952\">El interesado podr\u00e1 retirar su consentimiento en cualquier momento.<\/p>\n<h2 data-section-id=\"uamvhh\" data-start=\"4959\" data-end=\"4989\">\u00a0<\/h2>\n<h2 data-section-id=\"uamvhh\" data-start=\"4959\" data-end=\"4989\"><span style=\"color: #000000;\">7. CONSERVACI\u00d3N DE LOS DATOS<\/span><\/h2>\n<p data-start=\"4991\" data-end=\"5114\">Los datos personales se conservar\u00e1n durante el tiempo necesario para cumplir con la finalidad para la que fueron recogidos.<\/p>\n<p data-start=\"5116\" data-end=\"5270\">Posteriormente, podr\u00e1n mantenerse bloqueados durante los plazos legalmente establecidos para atender posibles responsabilidades legales o administrativas.<\/p>\n<h2 data-section-id=\"cbejkg\" data-start=\"5277\" data-end=\"5314\">\u00a0<\/h2>\n<h2 data-section-id=\"cbejkg\" data-start=\"5277\" data-end=\"5314\"><span style=\"color: #000000;\">8. COMUNICACI\u00d3N DE DATOS A TERCEROS<\/span><\/h2>\n<p data-start=\"5316\" data-end=\"5362\">Los datos personales podr\u00e1n ser comunicados a:<\/p>\n<ul>\n<li data-start=\"5366\" data-end=\"5544\">Proveedores de servicios que act\u00faen como <strong data-start=\"5407\" data-end=\"5437\">encargados del tratamiento<\/strong>, con los que se hayan firmado los correspondientes contratos de confidencialidad y tratamiento de datos.<\/li>\n<li data-start=\"5366\" data-end=\"5544\">Administraciones p\u00fablicas o autoridades competentes cuando exista una obligaci\u00f3n legal.<\/li>\n<\/ul>\n<p data-start=\"5636\" data-end=\"5748\">No se realizar\u00e1n cesiones de datos a terceros con fines comerciales sin el consentimiento previo del interesado.<\/p>\n<h2 data-section-id=\"1ktexi6\" data-start=\"5755\" data-end=\"5799\">\u00a0<\/h2>\n<h2 data-section-id=\"1ktexi6\" data-start=\"5755\" data-end=\"5799\"><span style=\"color: #000000;\">9. TRANSFERENCIAS INTERNACIONALES DE DATOS<\/span><\/h2>\n<p data-start=\"5801\" data-end=\"6018\">En caso de que se realicen transferencias internacionales de datos fuera del Espacio Econ\u00f3mico Europeo, estas se efectuar\u00e1n \u00fanicamente cuando existan garant\u00edas adecuadas conforme a la normativa de protecci\u00f3n de datos.<\/p>\n<h2 data-section-id=\"e0tjgs\" data-start=\"6025\" data-end=\"6055\">\u00a0<\/h2>\n<h2 data-section-id=\"e0tjgs\" data-start=\"6025\" data-end=\"6055\"><span style=\"color: #000000;\">10. DERECHOS DE LOS USUARIOS<\/span><\/h2>\n<p data-start=\"6057\" data-end=\"6130\">Los usuarios pueden ejercer en cualquier momento los siguientes derechos:<\/p>\n<ul>\n<li data-start=\"6134\" data-end=\"6181\"><strong data-start=\"6134\" data-end=\"6155\">Derecho de acceso<\/strong> a sus datos personales.<\/li>\n<li data-start=\"6134\" data-end=\"6181\"><strong data-start=\"6184\" data-end=\"6212\">Derecho de rectificaci\u00f3n<\/strong> de datos inexactos o incompletos.<\/li>\n<li data-start=\"6134\" data-end=\"6181\"><strong data-start=\"6251\" data-end=\"6275\">Derecho de supresi\u00f3n<\/strong> (&#8220;derecho al olvido&#8221;).<\/li>\n<li data-start=\"6134\" data-end=\"6181\"><strong data-start=\"6303\" data-end=\"6346\">Derecho a la limitaci\u00f3n del tratamiento<\/strong>.<\/li>\n<li data-start=\"6134\" data-end=\"6181\"><strong data-start=\"6352\" data-end=\"6394\">Derecho a la portabilidad de los datos<\/strong>.<\/li>\n<li data-start=\"6134\" data-end=\"6181\"><strong data-start=\"6400\" data-end=\"6424\">Derecho de oposici\u00f3n<\/strong> al tratamiento.<\/li>\n<\/ul>\n<p data-start=\"6442\" data-end=\"6547\">Para ejercer estos derechos, puede enviar una solicitud junto con copia de un documento identificativo a:<\/p>\n<p data-start=\"6549\" data-end=\"6579\">\ud83d\udce7 <a class=\"decorated-link cursor-pointer\" rel=\"noopener\" data-start=\"6552\" data-end=\"6579\">contacto@latitud36norte.com<\/a><\/p>\n<p data-start=\"6581\" data-end=\"6729\">Asimismo, el interesado tiene derecho a presentar una reclamaci\u00f3n ante la autoridad de control competente, la <span style=\"color: #339966;\"><a style=\"color: #339966;\" href=\"https:\/\/www.aepd.es\/\" target=\"_blank\" rel=\"noopener\">Agencia Espa\u00f1ola de Protecci\u00f3n de Datos<\/a><\/span>.<\/p>\n<p data-start=\"6731\" data-end=\"6772\">M\u00e1s informaci\u00f3n en:<br data-start=\"6750\" data-end=\"6753\" \/><span style=\"color: #339966;\"><a class=\"decorated-link\" style=\"color: #339966;\" href=\"https:\/\/www.aepd.es\" target=\"_new\" rel=\"noopener\" data-start=\"6753\" data-end=\"6772\">https:\/\/www.aepd.es<\/a><\/span><\/p>\n<h2 data-section-id=\"5crznu\" data-start=\"6779\" data-end=\"6807\">\u00a0<\/h2>\n<h2 data-section-id=\"5crznu\" data-start=\"6779\" data-end=\"6807\"><span style=\"color: #000000;\">11. SEGURIDAD DE LOS DATOS<\/span><\/h2>\n<p data-start=\"6809\" data-end=\"7029\">LATITUD 36 NORTE aplica medidas t\u00e9cnicas y organizativas apropiadas para garantizar un nivel de seguridad adecuado al riesgo del tratamiento, evitando la p\u00e9rdida, alteraci\u00f3n o acceso no autorizado a los datos personales.<\/p>\n<h2 data-section-id=\"argt9r\" data-start=\"7036\" data-end=\"7085\">\u00a0<\/h2>\n<h2 data-section-id=\"argt9r\" data-start=\"7036\" data-end=\"7085\"><span style=\"color: #000000;\">12. MODIFICACIONES DE LA POL\u00cdTICA DE PRIVACIDAD<\/span><\/h2>\n<p data-start=\"7087\" data-end=\"7233\">LATITUD 36 NORTE se reserva el derecho a modificar la presente Pol\u00edtica de Privacidad para adaptarla a novedades legislativas o jurisprudenciales.<\/p>\n<p data-start=\"7235\" data-end=\"7358\">En caso de realizar cambios significativos, se informar\u00e1 a los usuarios mediante el sitio web o por otros medios adecuados.<\/p>\n<h2 data-section-id=\"469mji\" data-start=\"7365\" data-end=\"7411\">\u00a0<\/h2>\n<h2 data-section-id=\"469mji\" data-start=\"7365\" data-end=\"7411\"><span style=\"color: #000000;\">13. POL\u00cdTICA DE PRIVACIDAD EN REDES SOCIALES<\/span><\/h2>\n<p data-start=\"7413\" data-end=\"7656\">LATITUD 36 NORTE puede disponer de perfiles en redes sociales. El tratamiento de los datos de los usuarios que se hagan seguidores en estas plataformas se regir\u00e1 por esta pol\u00edtica de privacidad y por las condiciones propias de cada red social.<\/p>\n<p data-start=\"7658\" data-end=\"7701\">Pol\u00edticas de privacidad de las plataformas:<\/p>\n<ul>\n<li><span style=\"color: #339966;\"><a style=\"color: #339966;\" href=\"https:\/\/www.facebook.com\/privacy\/policy\/?locale=es_ES\" target=\"_blank\" rel=\"noopener\">Facebook<\/a><\/span><\/li>\n<li><span style=\"color: #339966;\"><a style=\"color: #339966;\" href=\"https:\/\/es.linkedin.com\/legal\/privacy-policy\" target=\"_blank\" rel=\"noopener\">LinkedIn<\/a><\/span><\/li>\n<li><span style=\"color: #339966;\"><a style=\"color: #339966;\" href=\"https:\/\/privacy.x.com\/es\" target=\"_blank\" rel=\"noopener\">X (Twiter)<\/a><\/span><\/li>\n<li><span style=\"color: #339966;\"><a style=\"color: #339966;\" href=\"https:\/\/www.youtube.com\/intl\/ALL_es\/howyoutubeworks\/privacy\/\" target=\"_blank\" rel=\"noopener\">YouTube<\/a><\/span><\/li>\n<li><span style=\"color: #339966;\"><a style=\"color: #339966;\" href=\"https:\/\/help.instagram.com\/581066165581870\/?locale=es_ES\" target=\"_blank\" rel=\"noopener\">Instagram<\/a><\/span><\/li>\n<\/ul>\n\n\n<div style=\"height:100px\" aria-hidden=\"true\" class=\"wp-block-spacer\"><\/div>\n","protected":false},"excerpt":{"rendered":"<p>POL\u00cdTICA DE PRIVACIDAD \u00a0 \u00daltima actualizaci\u00f3n: marzo de 2026 \u00a0 1. INFORMACI\u00d3N&#8230;<\/p>\n","protected":false},"author":1,"featured_media":0,"parent":0,"menu_order":0,"comment_status":"closed","ping_status":"closed","template":"","meta":{"_acf_changed":false,"footnotes":""},"class_list":["post-5718","page","type-page","status-publish","hentry"],"acf":[],"_links":{"self":[{"href":"https:\/\/latitud36norte.com\/en\/wp-json\/wp\/v2\/pages\/5718","targetHints":{"allow":["GET"]}}],"collection":[{"href":"https:\/\/latitud36norte.com\/en\/wp-json\/wp\/v2\/pages"}],"about":[{"href":"https:\/\/latitud36norte.com\/en\/wp-json\/wp\/v2\/types\/page"}],"author":[{"embeddable":true,"href":"https:\/\/latitud36norte.com\/en\/wp-json\/wp\/v2\/users\/1"}],"replies":[{"embeddable":true,"href":"https:\/\/latitud36norte.com\/en\/wp-json\/wp\/v2\/comments?post=5718"}],"version-history":[{"count":19,"href":"https:\/\/latitud36norte.com\/en\/wp-json\/wp\/v2\/pages\/5718\/revisions"}],"predecessor-version":[{"id":10290,"href":"https:\/\/latitud36norte.com\/en\/wp-json\/wp\/v2\/pages\/5718\/revisions\/10290"}],"wp:attachment":[{"href":"https:\/\/latitud36norte.com\/en\/wp-json\/wp\/v2\/media?parent=5718"}],"curies":[{"name":"wp","href":"https:\/\/api.w.org\/{rel}","templated":true}]}}