{"id":5724,"date":"2020-10-29T12:27:21","date_gmt":"2020-10-29T12:27:21","guid":{"rendered":"https:\/\/latitud36norte.com\/?page_id=5724"},"modified":"2026-03-06T09:18:11","modified_gmt":"2026-03-06T08:18:11","slug":"politica-de-cookies","status":"publish","type":"page","link":"https:\/\/latitud36norte.com\/en\/politica-de-cookies","title":{"rendered":"POL\u00cdTICA DE COOKIES"},"content":{"rendered":"\n<div style=\"height:100px\" aria-hidden=\"true\" class=\"wp-block-spacer\"><\/div>\n\n\n<h1><span style=\"color: #000000;\"><strong>POLITICA DE COOKIES<\/strong><\/span><\/h1>\n<h2>\u00a0<\/h2>\n<h2>\u00a0<\/h2>\n<h2><span style=\"color: #000000;\">1. Informaci\u00f3n general sobre cookies<\/span><\/h2>\n<p data-start=\"299\" data-end=\"563\">En el sitio web de <strong data-start=\"318\" data-end=\"338\">Latitud 36 Norte<\/strong> utilizamos cookies y tecnolog\u00edas similares con el objetivo de garantizar el correcto funcionamiento de la p\u00e1gina, mejorar la experiencia de navegaci\u00f3n de los usuarios y obtener informaci\u00f3n estad\u00edstica sobre el uso del sitio.<\/p>\n<p data-start=\"565\" data-end=\"694\">El acceso y navegaci\u00f3n por este sitio web implica el uso de cookies conforme a lo establecido en la presente Pol\u00edtica de Cookies.<\/p>\n<h2>\u00a0<\/h2>\n<h2><span style=\"color: #000000;\">2. \u00bfQu\u00e9 son las cookies?<\/span><\/h2>\n<p data-start=\"725\" data-end=\"889\">Las cookies son peque\u00f1os archivos de texto que se descargan y almacenan en el dispositivo del usuario (ordenador, smartphone o tablet) cuando visita una p\u00e1gina web.<\/p>\n<p data-start=\"891\" data-end=\"998\">Estas cookies permiten que el sitio web recuerde informaci\u00f3n sobre la visita del usuario, como por ejemplo:<\/p>\n<ul>\n<li data-start=\"1002\" data-end=\"1030\">Preferencias de navegaci\u00f3n<\/li>\n<li data-start=\"1002\" data-end=\"1030\">Configuraci\u00f3n del idioma<\/li>\n<li data-start=\"1002\" data-end=\"1030\">Informaci\u00f3n t\u00e9cnica del navegador<\/li>\n<li data-start=\"1002\" data-end=\"1030\">Estad\u00edsticas de uso del sitio web<\/li>\n<li data-start=\"1002\" data-end=\"1030\">Interacci\u00f3n con contenidos o redes sociales<\/li>\n<\/ul>\n<p data-start=\"1183\" data-end=\"1339\">El objetivo principal de las cookies es facilitar la navegaci\u00f3n, personalizar la experiencia del usuario y mejorar los servicios ofrecidos por el sitio web.<\/p>\n<h2 data-start=\"1183\" data-end=\"1339\">\u00a0<\/h2>\n<h2 data-start=\"1183\" data-end=\"1339\">3. Tipos de cookies utilizadas<\/h2>\n<p data-start=\"1376\" data-end=\"1453\">Este sitio web puede utilizar diferentes tipos de cookies seg\u00fan su finalidad:<\/p>\n<p data-section-id=\"f4tatc\" data-start=\"1455\" data-end=\"1488\">\u00a0<\/p>\n<p data-section-id=\"f4tatc\" data-start=\"1455\" data-end=\"1488\"><strong>Cookies t\u00e9cnicas o necesarias<\/strong><\/p>\n<p data-start=\"1490\" data-end=\"1609\">Son aquellas imprescindibles para el correcto funcionamiento del sitio web y para permitir la navegaci\u00f3n por la p\u00e1gina.<\/p>\n<p data-start=\"1611\" data-end=\"1647\">Estas cookies permiten, por ejemplo:<\/p>\n<ul>\n<li data-start=\"1651\" data-end=\"1698\">Controlar el tr\u00e1fico y la comunicaci\u00f3n de datos<\/li>\n<li data-start=\"1651\" data-end=\"1698\">Identificar la sesi\u00f3n del usuario<\/li>\n<li data-start=\"1651\" data-end=\"1698\">Prevenir el uso fraudulento o automatizado de formularios y comentarios<\/li>\n<\/ul>\n<p data-start=\"1810\" data-end=\"1867\">Estas cookies no requieren el consentimiento del usuario.<\/p>\n<p data-section-id=\"163zxmw\" data-start=\"1869\" data-end=\"1907\">\u00a0<\/p>\n<p data-section-id=\"163zxmw\" data-start=\"1869\" data-end=\"1907\"><strong>Cookies de an\u00e1lisis o estad\u00edsticas<\/strong><\/p>\n<p data-start=\"1909\" data-end=\"2051\">Estas cookies permiten cuantificar el n\u00famero de usuarios y realizar an\u00e1lisis estad\u00edsticos sobre el uso que los visitantes hacen del sitio web.<\/p>\n<p data-start=\"2053\" data-end=\"2157\">La informaci\u00f3n recopilada se utiliza para mejorar los contenidos, servicios y experiencia de navegaci\u00f3n.<\/p>\n<p data-section-id=\"1l4xv71\" data-start=\"2159\" data-end=\"2189\">\u00a0<\/p>\n<p data-section-id=\"1l4xv71\" data-start=\"2159\" data-end=\"2189\"><strong>Cookies de personalizaci\u00f3n<\/strong><\/p>\n<p data-start=\"2191\" data-end=\"2324\">Permiten recordar determinadas preferencias del usuario, como el idioma o la configuraci\u00f3n regional desde la que accede al sitio web.<\/p>\n<p data-section-id=\"44gcat\" data-start=\"2326\" data-end=\"2351\">\u00a0<\/p>\n<p data-section-id=\"44gcat\" data-start=\"2326\" data-end=\"2351\"><strong>Cookies publicitarias<\/strong><\/p>\n<p data-start=\"2353\" data-end=\"2473\">Estas cookies permiten gestionar los espacios publicitarios del sitio web mostrando anuncios relevantes.<\/p>\n<h2 data-start=\"2353\" data-end=\"2473\">\u00a0<\/h2>\n<h2 data-start=\"2353\" data-end=\"2473\"><span style=\"color: #000000;\">4. Cookies de terceros<\/span><\/h2>\n<p data-start=\"2502\" data-end=\"2658\">Este sitio web puede utilizar servicios de terceros que, por cuenta del titular del sitio web, recopilan informaci\u00f3n con fines estad\u00edsticos o publicitarios.<\/p>\n<p data-start=\"2660\" data-end=\"2684\">Entre ellos se incluyen:<\/p>\n<p data-section-id=\"1ih59ix\" data-start=\"2686\" data-end=\"2706\">\u00a0<\/p>\n<p data-section-id=\"1ih59ix\" data-start=\"2686\" data-end=\"2706\"><strong>Google Analytics<\/strong><\/p>\n<p data-start=\"2708\" data-end=\"2858\">Servicio de an\u00e1lisis web proporcionado por <strong data-start=\"2751\" data-end=\"2765\">Google LLC<\/strong>, que utiliza cookies para recopilar informaci\u00f3n an\u00f3nima sobre la navegaci\u00f3n de los usuarios.<\/p>\n<p data-start=\"2860\" data-end=\"2900\">Entre los datos recopilados se incluyen:<\/p>\n<ul>\n<li data-start=\"2904\" data-end=\"2924\">N\u00famero de visitantes<\/li>\n<li data-start=\"2904\" data-end=\"2924\">P\u00e1ginas visitadas<\/li>\n<li data-start=\"2904\" data-end=\"2924\">Tiempo de permanencia en el sitio<\/li>\n<li data-start=\"2904\" data-end=\"2924\">Procedencia del tr\u00e1fico<\/li>\n<\/ul>\n<p data-start=\"3008\" data-end=\"3118\">Esta informaci\u00f3n se utiliza \u00fanicamente para fines estad\u00edsticos y para mejorar el funcionamiento del sitio web.<\/p>\n<p data-section-id=\"nuz1gk\" data-start=\"3120\" data-end=\"3138\">\u00a0<\/p>\n<p data-section-id=\"nuz1gk\" data-start=\"3120\" data-end=\"3138\"><strong>Google AdSense<\/strong><\/p>\n<p data-start=\"3140\" data-end=\"3249\">Servicio de publicidad que permite mostrar anuncios relevantes a los usuarios mediante cookies publicitarias.<\/p>\n<p data-start=\"3251\" data-end=\"3295\">Estas cookies pueden utilizar t\u00e9cnicas como:<\/p>\n<ul>\n<li data-start=\"3299\" data-end=\"3314\"><strong data-start=\"3299\" data-end=\"3314\">Remarketing<\/strong><\/li>\n<li data-start=\"3299\" data-end=\"3314\"><strong data-start=\"3317\" data-end=\"3345\">Segmentaci\u00f3n de anuncios<\/strong><\/li>\n<li data-start=\"3299\" data-end=\"3314\"><strong data-start=\"3348\" data-end=\"3390\">Optimizaci\u00f3n de campa\u00f1as publicitarias<\/strong><\/li>\n<\/ul>\n<p data-section-id=\"impwlq\" data-start=\"3392\" data-end=\"3410\">\u00a0<\/p>\n<p data-section-id=\"impwlq\" data-start=\"3392\" data-end=\"3410\"><strong>Redes sociales<\/strong><\/p>\n<p data-start=\"3412\" data-end=\"3514\">Este sitio web puede incluir funcionalidades de redes sociales como botones de compartir o \u201cMe gusta\u201d.<\/p>\n<p data-start=\"3516\" data-end=\"3713\">Las redes sociales pueden instalar sus propias cookies cuando el usuario interact\u00faa con dichas funcionalidades. Estas cookies se gestionan conforme a las pol\u00edticas de privacidad de cada plataforma.<\/p>\n<h2 data-start=\"3516\" data-end=\"3713\">\u00a0<\/h2>\n<h2 data-start=\"3516\" data-end=\"3713\"><span style=\"color: #000000;\">5. Gesti\u00f3n del consentimiento<\/span><\/h2>\n<p data-start=\"3749\" data-end=\"3935\">De acuerdo con la normativa vigente, el usuario puede aceptar, rechazar o configurar el uso de cookies a trav\u00e9s del banner o panel de configuraci\u00f3n de cookies disponible en el sitio web.<\/p>\n<p data-start=\"3937\" data-end=\"4006\">El consentimiento puede modificarse o retirarse en cualquier momento.<\/p>\n<h2 data-start=\"3937\" data-end=\"4006\">\u00a0<\/h2>\n<h2 data-start=\"3937\" data-end=\"4006\"><span style=\"color: #000000;\">6. C\u00f3mo desactivar o eliminar las cookies<\/span><\/h2>\n<p data-start=\"4054\" data-end=\"4194\">El usuario puede permitir, bloquear o eliminar las cookies instaladas en su dispositivo mediante la configuraci\u00f3n del navegador que utilice.<\/p>\n<p data-start=\"4196\" data-end=\"4290\">A continuaci\u00f3n se facilitan enlaces a la gesti\u00f3n de cookies en los navegadores m\u00e1s habituales:<\/p>\n<ul>\n<li data-start=\"4294\" data-end=\"4309\">Google Chrome<\/li>\n<li data-start=\"4294\" data-end=\"4309\">Mozilla Firefox<\/li>\n<li data-start=\"4294\" data-end=\"4309\">Microsoft Edge<\/li>\n<li data-start=\"4294\" data-end=\"4309\">Internet Explorer<\/li>\n<li data-start=\"4294\" data-end=\"4309\">Safari<\/li>\n<\/ul>\n<p data-start=\"4383\" data-end=\"4506\">La desactivaci\u00f3n de determinadas cookies puede afectar al correcto funcionamiento de algunas funcionalidades del sitio web.<\/p>\n<h2 data-section-id=\"1bys0z7\" data-start=\"4508\" data-end=\"4553\">\u00a0<\/h2>\n<h2 data-section-id=\"1bys0z7\" data-start=\"4508\" data-end=\"4553\"><span style=\"color: #000000;\">7. Transferencias internacionales de datos<\/span><\/h2>\n<p data-start=\"4555\" data-end=\"4713\">Algunos de los servicios de terceros utilizados en este sitio web pueden realizar transferencias internacionales de datos fuera del Espacio Econ\u00f3mico Europeo.<\/p>\n<p data-start=\"4715\" data-end=\"4861\">En estos casos, dichas transferencias se realizan conforme a las garant\u00edas adecuadas establecidas por la normativa europea de protecci\u00f3n de datos.<\/p>\n<h2 data-section-id=\"ncvbib\" data-start=\"4863\" data-end=\"4908\">\u00a0<\/h2>\n<h2 data-section-id=\"ncvbib\" data-start=\"4863\" data-end=\"4908\"><span style=\"color: #000000;\">8. Actualizaci\u00f3n de la pol\u00edtica de cookies<\/span><\/h2>\n<p data-start=\"4910\" data-end=\"5077\">La presente Pol\u00edtica de Cookies puede ser actualizada en cualquier momento para adaptarse a cambios normativos o a modificaciones en el uso de cookies en el sitio web.<\/p>\n<p data-start=\"5079\" data-end=\"5196\">Se recomienda revisar peri\u00f3dicamente esta pol\u00edtica para estar informado sobre c\u00f3mo y para qu\u00e9 utilizamos las cookies.<\/p>\n<h2 data-section-id=\"xm3p3x\" data-start=\"5198\" data-end=\"5212\">\u00a0<\/h2>\n<h2 data-section-id=\"xm3p3x\" data-start=\"5198\" data-end=\"5212\"><span style=\"color: #000000;\">9. Contacto<\/span><\/h2>\n<p data-start=\"5214\" data-end=\"5398\">Si tienes cualquier duda sobre esta Pol\u00edtica de Cookies, puedes ponerte en contacto con nosotros a trav\u00e9s del formulario de contacto disponible en el sitio web de <strong data-start=\"5377\" data-end=\"5397\">Latitud 36 Norte<\/strong>.<\/p>\n\n\n<div style=\"height:100px\" aria-hidden=\"true\" class=\"wp-block-spacer\"><\/div>\n","protected":false},"excerpt":{"rendered":"<p>POLITICA DE COOKIES \u00a0 \u00a0 1. Informaci\u00f3n general sobre cookies En el&#8230;<\/p>\n","protected":false},"author":1,"featured_media":0,"parent":0,"menu_order":0,"comment_status":"closed","ping_status":"closed","template":"","meta":{"_acf_changed":false,"footnotes":""},"class_list":["post-5724","page","type-page","status-publish","hentry"],"acf":[],"_links":{"self":[{"href":"https:\/\/latitud36norte.com\/en\/wp-json\/wp\/v2\/pages\/5724","targetHints":{"allow":["GET"]}}],"collection":[{"href":"https:\/\/latitud36norte.com\/en\/wp-json\/wp\/v2\/pages"}],"about":[{"href":"https:\/\/latitud36norte.com\/en\/wp-json\/wp\/v2\/types\/page"}],"author":[{"embeddable":true,"href":"https:\/\/latitud36norte.com\/en\/wp-json\/wp\/v2\/users\/1"}],"replies":[{"embeddable":true,"href":"https:\/\/latitud36norte.com\/en\/wp-json\/wp\/v2\/comments?post=5724"}],"version-history":[{"count":10,"href":"https:\/\/latitud36norte.com\/en\/wp-json\/wp\/v2\/pages\/5724\/revisions"}],"predecessor-version":[{"id":10297,"href":"https:\/\/latitud36norte.com\/en\/wp-json\/wp\/v2\/pages\/5724\/revisions\/10297"}],"wp:attachment":[{"href":"https:\/\/latitud36norte.com\/en\/wp-json\/wp\/v2\/media?parent=5724"}],"curies":[{"name":"wp","href":"https:\/\/api.w.org\/{rel}","templated":true}]}}